{"id":500,"date":"2024-01-23T11:57:12","date_gmt":"2024-01-23T10:57:12","guid":{"rendered":"https:\/\/theflyingbike.be\/?page_id=500"},"modified":"2024-02-13T22:47:11","modified_gmt":"2024-02-13T21:47:11","slug":"the-flying-wood","status":"publish","type":"page","link":"https:\/\/theflyingbike.be\/?page_id=500","title":{"rendered":"The flying wood"},"content":{"rendered":"\n<div class=\"wp-block-group\"><div class=\"wp-block-group__inner-container is-layout-constrained wp-block-group-is-layout-constrained\"><style>.kb-row-layout-wrap.wp-block-kadence-rowlayout.kb-row-layout-id500_0ad971-27{margin-top:0px;margin-bottom:0px;}.kb-row-layout-id500_0ad971-27 > .kt-row-column-wrap{align-content:start;}:where(.kb-row-layout-id500_0ad971-27 > .kt-row-column-wrap) > .wp-block-kadence-column{justify-content:start;}.kb-row-layout-id500_0ad971-27 > .kt-row-column-wrap{column-gap:var(--global-kb-gap-md, 2rem);row-gap:var(--global-kb-gap-md, 2rem);max-width:1375px;margin-left:auto;margin-right:auto;padding-top:0px;padding-bottom:0px;grid-template-columns:minmax(0, 1fr);}.kb-row-layout-id500_0ad971-27{border-top:0px solid transparent;border-right:0px solid transparent;border-bottom:0px solid transparent;border-left:0px solid transparent;}.kb-row-layout-id500_0ad971-27 > .kt-row-layout-overlay{opacity:0.30;}.kb-row-layout-id500_0ad971-27 .kt-row-layout-bottom-sep{height:63px;}.kb-row-layout-id500_0ad971-27 .kt-row-layout-bottom-sep svg{width:100%;}.kb-row-layout-id500_0ad971-27 .kt-row-layout-bottom-sep svg{fill:#ffffff!important;}.kb-row-layout-id500_0ad971-27 .kt-row-layout-top-sep{height:73px;}.kb-row-layout-id500_0ad971-27 .kt-row-layout-top-sep svg{width:100%;}.kb-row-layout-id500_0ad971-27 .kt-row-layout-top-sep svg{fill:#ffffff!important;}@media all and (max-width: 1024px){.kb-row-layout-id500_0ad971-27 > .kt-row-column-wrap{grid-template-columns:minmax(0, 1fr);}}@media all and (max-width: 1024px){.kb-row-layout-id500_0ad971-27{border-top:0px solid transparent;border-right:0px solid transparent;border-bottom:0px solid transparent;border-left:0px solid transparent;}}@media all and (max-width: 1024px){.kb-row-layout-id500_0ad971-27 .kt-row-layout-bottom-sep{height:px;}}@media all and (max-width: 1024px){.kb-row-layout-id500_0ad971-27 .kt-row-layout-bottom-sep svg{width:%;}}@media all and (max-width: 767px){.kb-row-layout-id500_0ad971-27 > .kt-row-column-wrap{grid-template-columns:minmax(0, 1fr);}.kb-row-layout-id500_0ad971-27{border-top:0px solid transparent;border-right:0px solid transparent;border-bottom:0px solid transparent;border-left:0px solid transparent;}.kb-row-layout-id500_0ad971-27 .kt-row-layout-bottom-sep{height:px;}.kb-row-layout-id500_0ad971-27 .kt-row-layout-bottom-sep svg{width:%;}}<\/style><div class=\"kb-row-layout-wrap kb-row-layout-id500_0ad971-27 alignnone has-theme-palette1-background-color kt-row-has-bg wp-block-kadence-rowlayout\"><div class=\"kt-row-layout-bottom-sep kt-row-sep-type-wave\"><svg viewBox=\"0 0 1000 100\" preserveAspectRatio=\"none\"><path d=\"M1000,40c0,0 -120.077,-38.076 -250,-38c-129.923,0.076 -345.105,78 -500,78c-154.895,0 -250,-30 -250,-30l0,50l1000,0l0,-60Z\" \/><\/svg><\/div><div class=\"kt-row-column-wrap kt-has-1-columns kt-row-layout-equal kt-tab-layout-inherit kt-mobile-layout-row kt-row-valign-top\">\n<style>.kadence-column500_5f04d1-0f > .kt-inside-inner-col{display:flex;}.kadence-column500_5f04d1-0f > .kt-inside-inner-col{padding-top:0px;padding-bottom:var(--global-kb-spacing-xxl, 5rem);}.kadence-column500_5f04d1-0f > .kt-inside-inner-col,.kadence-column500_5f04d1-0f > .kt-inside-inner-col:before{border-top-left-radius:0px;border-top-right-radius:0px;border-bottom-right-radius:0px;border-bottom-left-radius:0px;}.kadence-column500_5f04d1-0f > .kt-inside-inner-col{row-gap:0px;column-gap:var(--global-kb-gap-sm, 1rem);}.kadence-column500_5f04d1-0f > .kt-inside-inner-col{flex-direction:column;}.kadence-column500_5f04d1-0f > .kt-inside-inner-col > .aligncenter{width:100%;}.kadence-column500_5f04d1-0f > .kt-inside-inner-col:before{opacity:0.3;}.kadence-column500_5f04d1-0f{position:relative;}@media all and (max-width: 1024px){.kadence-column500_5f04d1-0f > .kt-inside-inner-col{flex-direction:column;justify-content:center;}}@media all and (max-width: 767px){.kadence-column500_5f04d1-0f > .kt-inside-inner-col{flex-direction:column;justify-content:center;}}<\/style>\n<div class=\"wp-block-kadence-column kadence-column500_5f04d1-0f kb-section-dir-vertical\"><div class=\"kt-inside-inner-col\">\n<p class=\"has-text-align-center has-theme-palette-2-color has-text-color has-link-color has-larger-font-size wp-elements-eb4bf3d999a59a5b94b2b063a3f047dd\">Projet \u00e9cologique &#8220;The flying wood&#8221;<\/p>\n\n\n<style>.wp-block-kadence-image.kb-image500_2ff7ed-7d:not(.kb-specificity-added):not(.kb-extra-specificity-added){margin-bottom:40px;}.kb-image500_2ff7ed-7d.kb-image-is-ratio-size, .kb-image500_2ff7ed-7d .kb-image-is-ratio-size{max-width:206px;width:100%;}.wp-block-kadence-column > .kt-inside-inner-col > .kb-image500_2ff7ed-7d.kb-image-is-ratio-size, .wp-block-kadence-column > .kt-inside-inner-col > .kb-image500_2ff7ed-7d .kb-image-is-ratio-size{align-self:unset;}.kb-image500_2ff7ed-7d figure{max-width:206px;}.kb-image500_2ff7ed-7d .image-is-svg, .kb-image500_2ff7ed-7d .image-is-svg img{width:100%;}.kb-image500_2ff7ed-7d:not(.kb-image-is-ratio-size) .kb-img, .kb-image500_2ff7ed-7d.kb-image-is-ratio-size{padding-top:0px;padding-bottom:0px;}.kb-image500_2ff7ed-7d .kb-image-has-overlay:after{opacity:0.3;}<\/style>\n<div class=\"wp-block-kadence-image kb-image500_2ff7ed-7d\"><figure class=\"aligncenter size-full\"><img loading=\"lazy\" decoding=\"async\" width=\"270\" height=\"270\" src=\"http:\/\/theflyingbike.be\/wp-content\/uploads\/2023\/12\/OIG-9-1.jpg\" alt=\"\" class=\"kb-img wp-image-204\" srcset=\"https:\/\/theflyingbike.be\/wp-content\/uploads\/2023\/12\/OIG-9-1.jpg 270w, https:\/\/theflyingbike.be\/wp-content\/uploads\/2023\/12\/OIG-9-1-150x150.jpg 150w\" sizes=\"auto, (max-width: 270px) 100vw, 270px\" \/><\/figure><\/div>\n\n\n\n<p style=\"font-size:20px\">Au-del\u00e0 de ma sp\u00e9cialisation dans le domaine de l&#8217;\u00e9lectricit\u00e9, je suis \u00e9galement le fondateur du projet <strong>&#8220;The Flying Wood&#8221;<\/strong>, dont l&#8217;ambition est de cr\u00e9er une <strong><a href=\"https:\/\/theflyingbike.be\/?page_id=591\"><mark style=\"background-color:rgba(0, 0, 0, 0)\" class=\"has-inline-color has-theme-palette-2-color\">for\u00eat comestible<\/mark><\/a><\/strong> s&#8217;\u00e9tendant sur 1 hectare et 300 ares <strong>sur la commune d&#8217;Enghein<\/strong>. Cet \u00e9co-lieu d\u00e9coule d&#8217;une qu\u00eate de sens et du d\u00e9sir de <strong>contribuer \u00e0 une solution plut\u00f4t qu&#8217;\u00e0 un probl\u00e8me<\/strong>. Apr\u00e8s plusieurs ann\u00e9es de r\u00e9flexion et de recherches professionnelles, j&#8217;ai d\u00e9cid\u00e9 de suivre une formation approfondie en permaculture. \u00c0 l&#8217;issue de celle-ci, j&#8217;ai fait l&#8217;acquistion d&#8217;un magnifique terrain situ\u00e9 dans une zone r\u00e9sidentielle. Ce terrain comprend une for\u00eat pratiquement intacte depuis au moins un si\u00e8cle et une vaste plaine. Cr\u00e9er une for\u00eat comestible va au-del\u00e0 de la simple plantation d&#8217;arbres ; c&#8217;est une d\u00e9marche visant \u00e0 instaurer un \u00e9quilibre, \u00e0 \u00e9tablir une connexion et \u00e0 l\u00e9guer un patrimoine aux g\u00e9n\u00e9rations futures. Chaque fois que vous faites appel \u00e0 mes services d&#8217;\u00e9lectricien, vous <strong>devenez un partenaire de ce projet \u00e9cologique<\/strong>. Votre soutien contribue \u00e0 la croissance de cette for\u00eat comestible, \u00e0 la pr\u00e9servation de la biodiversit\u00e9 locale et \u00e0 la cr\u00e9ation d&#8217;un lieu o\u00f9 la nature peut reprendre ses droits<\/p>\n<\/div><\/div>\n\n<\/div><\/div><\/div><\/div>\n\n\n<style>.kb-row-layout-id500_6d1d77-4e > .kt-row-column-wrap{align-content:start;}:where(.kb-row-layout-id500_6d1d77-4e > .kt-row-column-wrap) > .wp-block-kadence-column{justify-content:start;}.kb-row-layout-id500_6d1d77-4e > .kt-row-column-wrap{column-gap:var(--global-kb-gap-md, 2rem);row-gap:var(--global-kb-gap-md, 2rem);padding-top:var(--global-kb-spacing-sm, 1.5rem);padding-bottom:var(--global-kb-spacing-sm, 1.5rem);}.kb-row-layout-id500_6d1d77-4e > .kt-row-column-wrap > div:not(.added-for-specificity){grid-column:initial;}.kb-row-layout-id500_6d1d77-4e > .kt-row-column-wrap{grid-template-columns:repeat(4, minmax(0, 1fr));}.kb-row-layout-id500_6d1d77-4e > .kt-row-layout-overlay{opacity:0.30;}@media all and (max-width: 1024px){.kb-row-layout-id500_6d1d77-4e > .kt-row-column-wrap > div:not(.added-for-specificity){grid-column:initial;}}@media all and (max-width: 1024px){.kb-row-layout-id500_6d1d77-4e > .kt-row-column-wrap{grid-template-columns:repeat(4, minmax(0, 1fr));}}@media all and (max-width: 767px){.kb-row-layout-id500_6d1d77-4e > .kt-row-column-wrap > div:not(.added-for-specificity){grid-column:initial;}.kb-row-layout-id500_6d1d77-4e > .kt-row-column-wrap{grid-template-columns:minmax(0, 1fr);}}<\/style><div class=\"kb-row-layout-wrap kb-row-layout-id500_6d1d77-4e alignnone has-theme-palette1-background-color kt-row-has-bg wp-block-kadence-rowlayout\"><div class=\"kt-row-column-wrap kt-has-4-columns kt-row-layout-equal kt-tab-layout-inherit kt-mobile-layout-row kt-row-valign-top\">\n<style>.kadence-column500_f1a5e6-52 > .kt-inside-inner-col,.kadence-column500_f1a5e6-52 > .kt-inside-inner-col:before{border-top-left-radius:0px;border-top-right-radius:0px;border-bottom-right-radius:0px;border-bottom-left-radius:0px;}.kadence-column500_f1a5e6-52 > .kt-inside-inner-col{column-gap:var(--global-kb-gap-sm, 1rem);}.kadence-column500_f1a5e6-52 > .kt-inside-inner-col{flex-direction:column;}.kadence-column500_f1a5e6-52 > .kt-inside-inner-col > .aligncenter{width:100%;}.kadence-column500_f1a5e6-52 > .kt-inside-inner-col:before{opacity:0.3;}.kadence-column500_f1a5e6-52{position:relative;}@media all and (max-width: 1024px){.kadence-column500_f1a5e6-52 > .kt-inside-inner-col{flex-direction:column;justify-content:center;}}@media all and (max-width: 767px){.kadence-column500_f1a5e6-52 > .kt-inside-inner-col{flex-direction:column;justify-content:center;}}<\/style>\n<div class=\"wp-block-kadence-column kadence-column500_f1a5e6-52\"><div class=\"kt-inside-inner-col\">\n<figure data-wp-context=\"{&quot;imageId&quot;:&quot;69eccebc244b8&quot;}\" data-wp-interactive=\"core\/image\" data-wp-key=\"69eccebc244b8\" class=\"wp-block-image size-large wp-lightbox-container\"><img loading=\"lazy\" decoding=\"async\" width=\"1024\" height=\"1024\" data-wp-class--hide=\"state.isContentHidden\" data-wp-class--show=\"state.isContentVisible\" data-wp-init=\"callbacks.setButtonStyles\" data-wp-on--click=\"actions.showLightbox\" data-wp-on--load=\"callbacks.setButtonStyles\" data-wp-on-window--resize=\"callbacks.setButtonStyles\" src=\"http:\/\/theflyingbike.be\/wp-content\/uploads\/2024\/02\/IMG_20200927_163427-1024x1024.jpg\" alt=\"\" class=\"wp-image-670\" srcset=\"https:\/\/theflyingbike.be\/wp-content\/uploads\/2024\/02\/IMG_20200927_163427-1024x1024.jpg 1024w, https:\/\/theflyingbike.be\/wp-content\/uploads\/2024\/02\/IMG_20200927_163427-300x300.jpg 300w, https:\/\/theflyingbike.be\/wp-content\/uploads\/2024\/02\/IMG_20200927_163427-150x150.jpg 150w, https:\/\/theflyingbike.be\/wp-content\/uploads\/2024\/02\/IMG_20200927_163427-768x768.jpg 768w, https:\/\/theflyingbike.be\/wp-content\/uploads\/2024\/02\/IMG_20200927_163427-1536x1536.jpg 1536w, https:\/\/theflyingbike.be\/wp-content\/uploads\/2024\/02\/IMG_20200927_163427-2048x2048.jpg 2048w\" sizes=\"auto, (max-width: 1024px) 100vw, 1024px\" \/><button\n\t\t\tclass=\"lightbox-trigger\"\n\t\t\ttype=\"button\"\n\t\t\taria-haspopup=\"dialog\"\n\t\t\taria-label=\"Agrandir\"\n\t\t\tdata-wp-init=\"callbacks.initTriggerButton\"\n\t\t\tdata-wp-on--click=\"actions.showLightbox\"\n\t\t\tdata-wp-style--right=\"state.imageButtonRight\"\n\t\t\tdata-wp-style--top=\"state.imageButtonTop\"\n\t\t>\n\t\t\t<svg xmlns=\"http:\/\/www.w3.org\/2000\/svg\" width=\"12\" height=\"12\" fill=\"none\" viewBox=\"0 0 12 12\">\n\t\t\t\t<path fill=\"#fff\" d=\"M2 0a2 2 0 0 0-2 2v2h1.5V2a.5.5 0 0 1 .5-.5h2V0H2Zm2 10.5H2a.5.5 0 0 1-.5-.5V8H0v2a2 2 0 0 0 2 2h2v-1.5ZM8 12v-1.5h2a.5.5 0 0 0 .5-.5V8H12v2a2 2 0 0 1-2 2H8Zm2-12a2 2 0 0 1 2 2v2h-1.5V2a.5.5 0 0 0-.5-.5H8V0h2Z\" \/>\n\t\t\t<\/svg>\n\t\t<\/button><\/figure>\n<\/div><\/div>\n\n\n<style>.kadence-column500_e2bd7e-56 > .kt-inside-inner-col,.kadence-column500_e2bd7e-56 > .kt-inside-inner-col:before{border-top-left-radius:0px;border-top-right-radius:0px;border-bottom-right-radius:0px;border-bottom-left-radius:0px;}.kadence-column500_e2bd7e-56 > .kt-inside-inner-col{column-gap:var(--global-kb-gap-sm, 1rem);}.kadence-column500_e2bd7e-56 > .kt-inside-inner-col{flex-direction:column;}.kadence-column500_e2bd7e-56 > .kt-inside-inner-col > .aligncenter{width:100%;}.kadence-column500_e2bd7e-56 > .kt-inside-inner-col:before{opacity:0.3;}.kadence-column500_e2bd7e-56{position:relative;}@media all and (max-width: 1024px){.kadence-column500_e2bd7e-56 > .kt-inside-inner-col{flex-direction:column;justify-content:center;}}@media all and (max-width: 767px){.kadence-column500_e2bd7e-56 > .kt-inside-inner-col{flex-direction:column;justify-content:center;}}<\/style>\n<div class=\"wp-block-kadence-column kadence-column500_e2bd7e-56\"><div class=\"kt-inside-inner-col\"><style>.kb-image500_c8cf9b-f7 .kb-image-has-overlay:after{opacity:0.3;}<\/style>\n<figure class=\"wp-block-kadence-image kb-image500_c8cf9b-f7 size-large\"><img loading=\"lazy\" decoding=\"async\" width=\"1024\" height=\"1024\" src=\"http:\/\/theflyingbike.be\/wp-content\/uploads\/2024\/02\/IMG_20200421_185918-1-1024x1024.jpg\" alt=\"\" class=\"kb-img wp-image-695\" srcset=\"https:\/\/theflyingbike.be\/wp-content\/uploads\/2024\/02\/IMG_20200421_185918-1-1024x1024.jpg 1024w, https:\/\/theflyingbike.be\/wp-content\/uploads\/2024\/02\/IMG_20200421_185918-1-300x300.jpg 300w, https:\/\/theflyingbike.be\/wp-content\/uploads\/2024\/02\/IMG_20200421_185918-1-150x150.jpg 150w, https:\/\/theflyingbike.be\/wp-content\/uploads\/2024\/02\/IMG_20200421_185918-1-768x768.jpg 768w, https:\/\/theflyingbike.be\/wp-content\/uploads\/2024\/02\/IMG_20200421_185918-1-1536x1536.jpg 1536w, https:\/\/theflyingbike.be\/wp-content\/uploads\/2024\/02\/IMG_20200421_185918-1-2048x2048.jpg 2048w\" sizes=\"auto, (max-width: 1024px) 100vw, 1024px\" \/><\/figure>\n<\/div><\/div>\n\n\n<style>.kadence-column500_d62518-b8 > .kt-inside-inner-col,.kadence-column500_d62518-b8 > .kt-inside-inner-col:before{border-top-left-radius:0px;border-top-right-radius:0px;border-bottom-right-radius:0px;border-bottom-left-radius:0px;}.kadence-column500_d62518-b8 > .kt-inside-inner-col{column-gap:var(--global-kb-gap-sm, 1rem);}.kadence-column500_d62518-b8 > .kt-inside-inner-col{flex-direction:column;}.kadence-column500_d62518-b8 > .kt-inside-inner-col > .aligncenter{width:100%;}.kadence-column500_d62518-b8 > .kt-inside-inner-col:before{opacity:0.3;}.kadence-column500_d62518-b8{position:relative;}@media all and (max-width: 1024px){.kadence-column500_d62518-b8 > .kt-inside-inner-col{flex-direction:column;justify-content:center;}}@media all and (max-width: 767px){.kadence-column500_d62518-b8 > .kt-inside-inner-col{flex-direction:column;justify-content:center;}}<\/style>\n<div class=\"wp-block-kadence-column kadence-column500_d62518-b8\"><div class=\"kt-inside-inner-col\">\n<figure data-wp-context=\"{&quot;imageId&quot;:&quot;69eccebc24bcf&quot;}\" data-wp-interactive=\"core\/image\" data-wp-key=\"69eccebc24bcf\" class=\"wp-block-image size-large wp-lightbox-container\"><img loading=\"lazy\" decoding=\"async\" width=\"1024\" height=\"1024\" data-wp-class--hide=\"state.isContentHidden\" data-wp-class--show=\"state.isContentVisible\" data-wp-init=\"callbacks.setButtonStyles\" data-wp-on--click=\"actions.showLightbox\" data-wp-on--load=\"callbacks.setButtonStyles\" data-wp-on-window--resize=\"callbacks.setButtonStyles\" src=\"http:\/\/theflyingbike.be\/wp-content\/uploads\/2024\/02\/IMG_20200915_104126-1024x1024.jpg\" alt=\"\" class=\"wp-image-672\" srcset=\"https:\/\/theflyingbike.be\/wp-content\/uploads\/2024\/02\/IMG_20200915_104126-1024x1024.jpg 1024w, https:\/\/theflyingbike.be\/wp-content\/uploads\/2024\/02\/IMG_20200915_104126-300x300.jpg 300w, https:\/\/theflyingbike.be\/wp-content\/uploads\/2024\/02\/IMG_20200915_104126-150x150.jpg 150w, https:\/\/theflyingbike.be\/wp-content\/uploads\/2024\/02\/IMG_20200915_104126-768x768.jpg 768w, https:\/\/theflyingbike.be\/wp-content\/uploads\/2024\/02\/IMG_20200915_104126-1536x1536.jpg 1536w, https:\/\/theflyingbike.be\/wp-content\/uploads\/2024\/02\/IMG_20200915_104126-2048x2048.jpg 2048w\" sizes=\"auto, (max-width: 1024px) 100vw, 1024px\" \/><button\n\t\t\tclass=\"lightbox-trigger\"\n\t\t\ttype=\"button\"\n\t\t\taria-haspopup=\"dialog\"\n\t\t\taria-label=\"Agrandir\"\n\t\t\tdata-wp-init=\"callbacks.initTriggerButton\"\n\t\t\tdata-wp-on--click=\"actions.showLightbox\"\n\t\t\tdata-wp-style--right=\"state.imageButtonRight\"\n\t\t\tdata-wp-style--top=\"state.imageButtonTop\"\n\t\t>\n\t\t\t<svg xmlns=\"http:\/\/www.w3.org\/2000\/svg\" width=\"12\" height=\"12\" fill=\"none\" viewBox=\"0 0 12 12\">\n\t\t\t\t<path fill=\"#fff\" d=\"M2 0a2 2 0 0 0-2 2v2h1.5V2a.5.5 0 0 1 .5-.5h2V0H2Zm2 10.5H2a.5.5 0 0 1-.5-.5V8H0v2a2 2 0 0 0 2 2h2v-1.5ZM8 12v-1.5h2a.5.5 0 0 0 .5-.5V8H12v2a2 2 0 0 1-2 2H8Zm2-12a2 2 0 0 1 2 2v2h-1.5V2a.5.5 0 0 0-.5-.5H8V0h2Z\" \/>\n\t\t\t<\/svg>\n\t\t<\/button><\/figure>\n<\/div><\/div>\n\n\n<style>.kadence-column500_74886c-67 > .kt-inside-inner-col,.kadence-column500_74886c-67 > .kt-inside-inner-col:before{border-top-left-radius:0px;border-top-right-radius:0px;border-bottom-right-radius:0px;border-bottom-left-radius:0px;}.kadence-column500_74886c-67 > .kt-inside-inner-col{column-gap:var(--global-kb-gap-sm, 1rem);}.kadence-column500_74886c-67 > .kt-inside-inner-col{flex-direction:column;}.kadence-column500_74886c-67 > .kt-inside-inner-col > .aligncenter{width:100%;}.kadence-column500_74886c-67 > .kt-inside-inner-col:before{opacity:0.3;}.kadence-column500_74886c-67{position:relative;}@media all and (max-width: 1024px){.kadence-column500_74886c-67 > .kt-inside-inner-col{flex-direction:column;justify-content:center;}}@media all and (max-width: 767px){.kadence-column500_74886c-67 > .kt-inside-inner-col{flex-direction:column;justify-content:center;}}<\/style>\n<div class=\"wp-block-kadence-column kadence-column500_74886c-67\"><div class=\"kt-inside-inner-col\">\n<figure data-wp-context=\"{&quot;imageId&quot;:&quot;69eccebc25109&quot;}\" data-wp-interactive=\"core\/image\" data-wp-key=\"69eccebc25109\" class=\"wp-block-image size-large wp-lightbox-container\"><img loading=\"lazy\" decoding=\"async\" width=\"1024\" height=\"1024\" data-wp-class--hide=\"state.isContentHidden\" data-wp-class--show=\"state.isContentVisible\" data-wp-init=\"callbacks.setButtonStyles\" data-wp-on--click=\"actions.showLightbox\" data-wp-on--load=\"callbacks.setButtonStyles\" data-wp-on-window--resize=\"callbacks.setButtonStyles\" src=\"https:\/\/theflyingbike.be\/wp-content\/uploads\/2024\/02\/IMG_20200513_154719-1024x1024.jpg\" alt=\"\" class=\"wp-image-726\" srcset=\"https:\/\/theflyingbike.be\/wp-content\/uploads\/2024\/02\/IMG_20200513_154719-1024x1024.jpg 1024w, https:\/\/theflyingbike.be\/wp-content\/uploads\/2024\/02\/IMG_20200513_154719-300x300.jpg 300w, https:\/\/theflyingbike.be\/wp-content\/uploads\/2024\/02\/IMG_20200513_154719-150x150.jpg 150w, https:\/\/theflyingbike.be\/wp-content\/uploads\/2024\/02\/IMG_20200513_154719-768x768.jpg 768w, https:\/\/theflyingbike.be\/wp-content\/uploads\/2024\/02\/IMG_20200513_154719-1536x1536.jpg 1536w, https:\/\/theflyingbike.be\/wp-content\/uploads\/2024\/02\/IMG_20200513_154719-2048x2048.jpg 2048w\" sizes=\"auto, (max-width: 1024px) 100vw, 1024px\" \/><button\n\t\t\tclass=\"lightbox-trigger\"\n\t\t\ttype=\"button\"\n\t\t\taria-haspopup=\"dialog\"\n\t\t\taria-label=\"Agrandir\"\n\t\t\tdata-wp-init=\"callbacks.initTriggerButton\"\n\t\t\tdata-wp-on--click=\"actions.showLightbox\"\n\t\t\tdata-wp-style--right=\"state.imageButtonRight\"\n\t\t\tdata-wp-style--top=\"state.imageButtonTop\"\n\t\t>\n\t\t\t<svg xmlns=\"http:\/\/www.w3.org\/2000\/svg\" width=\"12\" height=\"12\" fill=\"none\" viewBox=\"0 0 12 12\">\n\t\t\t\t<path fill=\"#fff\" d=\"M2 0a2 2 0 0 0-2 2v2h1.5V2a.5.5 0 0 1 .5-.5h2V0H2Zm2 10.5H2a.5.5 0 0 1-.5-.5V8H0v2a2 2 0 0 0 2 2h2v-1.5ZM8 12v-1.5h2a.5.5 0 0 0 .5-.5V8H12v2a2 2 0 0 1-2 2H8Zm2-12a2 2 0 0 1 2 2v2h-1.5V2a.5.5 0 0 0-.5-.5H8V0h2Z\" \/>\n\t\t\t<\/svg>\n\t\t<\/button><\/figure>\n<\/div><\/div>\n\n<\/div><\/div>\n\n<style>.wp-block-kadence-advancedbtn.kb-btns500_a8007d-37{gap:var(--global-kb-gap-xs, 0.5rem );justify-content:center;align-items:center;}.kt-btns500_a8007d-37 .kt-button{font-weight:normal;font-style:normal;}.kt-btns500_a8007d-37 .kt-btn-wrap-0{margin-right:5px;}.wp-block-kadence-advancedbtn.kt-btns500_a8007d-37 .kt-btn-wrap-0 .kt-button{color:#555555;border-color:#555555;}.wp-block-kadence-advancedbtn.kt-btns500_a8007d-37 .kt-btn-wrap-0 .kt-button:hover, .wp-block-kadence-advancedbtn.kt-btns500_a8007d-37 .kt-btn-wrap-0 .kt-button:focus{color:#ffffff;border-color:#444444;}.wp-block-kadence-advancedbtn.kt-btns500_a8007d-37 .kt-btn-wrap-0 .kt-button::before{display:none;}.wp-block-kadence-advancedbtn.kt-btns500_a8007d-37 .kt-btn-wrap-0 .kt-button:hover, .wp-block-kadence-advancedbtn.kt-btns500_a8007d-37 .kt-btn-wrap-0 .kt-button:focus{background:#444444;}<\/style>\n<div class=\"wp-block-kadence-advancedbtn kb-buttons-wrap kb-btns500_a8007d-37\"><style>ul.menu .wp-block-kadence-advancedbtn .kb-btn500_cd297e-2a.kb-button{width:initial;}<\/style><a class=\"kb-button kt-button button kb-btn500_cd297e-2a kt-btn-size-standard kt-btn-width-type-auto kb-btn-global-fill  kt-btn-has-text-true kt-btn-has-svg-false  wp-block-kadence-singlebtn\" href=\"https:\/\/theflyingbike.be\/?page_id=591\"><span class=\"kt-btn-inner-text\">For\u00eat comestible c&#8217;est quoi ?<\/span><\/a><\/div>\n","protected":false},"excerpt":{"rendered":"<p>Projet \u00e9cologique &#8220;The flying wood&#8221; Au-del\u00e0 de ma sp\u00e9cialisation dans le domaine de l&#8217;\u00e9lectricit\u00e9, je suis \u00e9galement le fondateur du projet &#8220;The Flying Wood&#8221;, dont l&#8217;ambition est de cr\u00e9er une for\u00eat comestible s&#8217;\u00e9tendant sur 1 hectare et 300 ares sur la commune d&#8217;Enghein. Cet \u00e9co-lieu d\u00e9coule d&#8217;une qu\u00eate de sens et du d\u00e9sir de contribuer&#8230;<\/p>\n","protected":false},"author":1,"featured_media":0,"parent":0,"menu_order":0,"comment_status":"closed","ping_status":"closed","template":"","meta":{"_kadence_starter_templates_imported_post":false,"_kad_post_transparent":"","_kad_post_title":"","_kad_post_layout":"normal","_kad_post_sidebar_id":"","_kad_post_content_style":"","_kad_post_vertical_padding":"","_kad_post_feature":"","_kad_post_feature_position":"","_kad_post_header":false,"_kad_post_footer":false,"_kad_post_classname":"","footnotes":""},"class_list":["post-500","page","type-page","status-publish","hentry"],"_links":{"self":[{"href":"https:\/\/theflyingbike.be\/index.php?rest_route=\/wp\/v2\/pages\/500","targetHints":{"allow":["GET"]}}],"collection":[{"href":"https:\/\/theflyingbike.be\/index.php?rest_route=\/wp\/v2\/pages"}],"about":[{"href":"https:\/\/theflyingbike.be\/index.php?rest_route=\/wp\/v2\/types\/page"}],"author":[{"embeddable":true,"href":"https:\/\/theflyingbike.be\/index.php?rest_route=\/wp\/v2\/users\/1"}],"replies":[{"embeddable":true,"href":"https:\/\/theflyingbike.be\/index.php?rest_route=%2Fwp%2Fv2%2Fcomments&post=500"}],"version-history":[{"count":18,"href":"https:\/\/theflyingbike.be\/index.php?rest_route=\/wp\/v2\/pages\/500\/revisions"}],"predecessor-version":[{"id":823,"href":"https:\/\/theflyingbike.be\/index.php?rest_route=\/wp\/v2\/pages\/500\/revisions\/823"}],"wp:attachment":[{"href":"https:\/\/theflyingbike.be\/index.php?rest_route=%2Fwp%2Fv2%2Fmedia&parent=500"}],"curies":[{"name":"wp","href":"https:\/\/api.w.org\/{rel}","templated":true}]}}