{"id":591,"date":"2024-01-26T11:48:48","date_gmt":"2024-01-26T10:48:48","guid":{"rendered":"https:\/\/theflyingbike.be\/?page_id=591"},"modified":"2024-02-13T23:07:46","modified_gmt":"2024-02-13T22:07:46","slug":"foret-comestible","status":"publish","type":"page","link":"https:\/\/theflyingbike.be\/?page_id=591","title":{"rendered":"for\u00eat comestible"},"content":{"rendered":"\n<div class=\"wp-block-group\"><div class=\"wp-block-group__inner-container is-layout-constrained wp-block-group-is-layout-constrained\"><style>.kb-row-layout-wrap.wp-block-kadence-rowlayout.kb-row-layout-id591_b6d119-cf{margin-top:0px;margin-bottom:0px;}.kb-row-layout-id591_b6d119-cf > .kt-row-column-wrap{align-content:start;}:where(.kb-row-layout-id591_b6d119-cf > .kt-row-column-wrap) > .wp-block-kadence-column{justify-content:start;}.kb-row-layout-id591_b6d119-cf > .kt-row-column-wrap{column-gap:var(--global-kb-gap-md, 2rem);row-gap:var(--global-kb-gap-md, 2rem);max-width:1375px;margin-left:auto;margin-right:auto;padding-top:0px;padding-bottom:0px;grid-template-columns:minmax(0, 1fr);}.kb-row-layout-id591_b6d119-cf{border-top:0px solid transparent;border-right:0px solid transparent;border-bottom:0px solid transparent;border-left:0px solid transparent;}.kb-row-layout-id591_b6d119-cf > .kt-row-layout-overlay{opacity:0.30;}.kb-row-layout-id591_b6d119-cf .kt-row-layout-bottom-sep{height:63px;}.kb-row-layout-id591_b6d119-cf .kt-row-layout-bottom-sep svg{width:100%;}.kb-row-layout-id591_b6d119-cf .kt-row-layout-bottom-sep svg{fill:#ffffff!important;}.kb-row-layout-id591_b6d119-cf .kt-row-layout-top-sep{height:73px;}.kb-row-layout-id591_b6d119-cf .kt-row-layout-top-sep svg{width:100%;}.kb-row-layout-id591_b6d119-cf .kt-row-layout-top-sep svg{fill:#ffffff!important;}@media all and (max-width: 1024px){.kb-row-layout-id591_b6d119-cf > .kt-row-column-wrap{grid-template-columns:minmax(0, 1fr);}}@media all and (max-width: 1024px){.kb-row-layout-id591_b6d119-cf{border-top:0px solid transparent;border-right:0px solid transparent;border-bottom:0px solid transparent;border-left:0px solid transparent;}}@media all and (max-width: 1024px){.kb-row-layout-id591_b6d119-cf .kt-row-layout-bottom-sep{height:px;}}@media all and (max-width: 1024px){.kb-row-layout-id591_b6d119-cf .kt-row-layout-bottom-sep svg{width:%;}}@media all and (max-width: 767px){.kb-row-layout-id591_b6d119-cf > .kt-row-column-wrap{grid-template-columns:minmax(0, 1fr);}.kb-row-layout-id591_b6d119-cf{border-top:0px solid transparent;border-right:0px solid transparent;border-bottom:0px solid transparent;border-left:0px solid transparent;}.kb-row-layout-id591_b6d119-cf .kt-row-layout-bottom-sep{height:px;}.kb-row-layout-id591_b6d119-cf .kt-row-layout-bottom-sep svg{width:%;}}<\/style><div class=\"kb-row-layout-wrap kb-row-layout-id591_b6d119-cf alignnone has-theme-palette1-background-color kt-row-has-bg wp-block-kadence-rowlayout\"><div class=\"kt-row-layout-bottom-sep kt-row-sep-type-wave\"><svg viewBox=\"0 0 1000 100\" preserveAspectRatio=\"none\"><path d=\"M1000,40c0,0 -120.077,-38.076 -250,-38c-129.923,0.076 -345.105,78 -500,78c-154.895,0 -250,-30 -250,-30l0,50l1000,0l0,-60Z\" \/><\/svg><\/div><div class=\"kt-row-column-wrap kt-has-1-columns kt-row-layout-equal kt-tab-layout-inherit kt-mobile-layout-row kt-row-valign-top\">\n<style>.kadence-column591_bee2cd-11 > .kt-inside-inner-col{display:flex;}.kadence-column591_bee2cd-11 > .kt-inside-inner-col{padding-top:0px;padding-bottom:var(--global-kb-spacing-xxl, 5rem);}.kadence-column591_bee2cd-11 > .kt-inside-inner-col,.kadence-column591_bee2cd-11 > .kt-inside-inner-col:before{border-top-left-radius:0px;border-top-right-radius:0px;border-bottom-right-radius:0px;border-bottom-left-radius:0px;}.kadence-column591_bee2cd-11 > .kt-inside-inner-col{row-gap:0px;column-gap:var(--global-kb-gap-sm, 1rem);}.kadence-column591_bee2cd-11 > .kt-inside-inner-col{flex-direction:column;}.kadence-column591_bee2cd-11 > .kt-inside-inner-col > .aligncenter{width:100%;}.kadence-column591_bee2cd-11 > .kt-inside-inner-col:before{opacity:0.3;}.kadence-column591_bee2cd-11{position:relative;}@media all and (max-width: 1024px){.kadence-column591_bee2cd-11 > .kt-inside-inner-col{flex-direction:column;justify-content:center;}}@media all and (max-width: 767px){.kadence-column591_bee2cd-11 > .kt-inside-inner-col{flex-direction:column;justify-content:center;}}<\/style>\n<div class=\"wp-block-kadence-column kadence-column591_bee2cd-11 kb-section-dir-vertical\"><div class=\"kt-inside-inner-col\">\n<p class=\"has-text-align-center has-theme-palette-2-color has-text-color has-link-color has-larger-font-size wp-elements-97b270fe8804cd47117d1da36e9a68e9\">Une for\u00eat comestible c&#8217;est quoi ?<\/p>\n\n\n<style>.wp-block-kadence-image.kb-image591_1ab498-fe:not(.kb-specificity-added):not(.kb-extra-specificity-added){margin-right:0px;margin-bottom:0px;}.kb-image591_1ab498-fe.kb-image-is-ratio-size, .kb-image591_1ab498-fe .kb-image-is-ratio-size{max-width:184px;width:100%;}.wp-block-kadence-column > .kt-inside-inner-col > .kb-image591_1ab498-fe.kb-image-is-ratio-size, .wp-block-kadence-column > .kt-inside-inner-col > .kb-image591_1ab498-fe .kb-image-is-ratio-size{align-self:unset;}.kb-image591_1ab498-fe figure{max-width:184px;}.kb-image591_1ab498-fe .image-is-svg, .kb-image591_1ab498-fe .image-is-svg img{width:100%;}.kb-image591_1ab498-fe:not(.kb-image-is-ratio-size) .kb-img, .kb-image591_1ab498-fe.kb-image-is-ratio-size{padding-top:0px;padding-bottom:40px;}.kb-image591_1ab498-fe .kb-image-has-overlay:after{opacity:0.3;}<\/style>\n<div class=\"wp-block-kadence-image kb-image591_1ab498-fe\"><figure class=\"aligncenter size-full\"><img loading=\"lazy\" decoding=\"async\" width=\"1024\" height=\"1024\" src=\"http:\/\/theflyingbike.be\/wp-content\/uploads\/2024\/01\/OIG-9.jpg\" alt=\"\" class=\"kb-img wp-image-355\" srcset=\"https:\/\/theflyingbike.be\/wp-content\/uploads\/2024\/01\/OIG-9.jpg 1024w, https:\/\/theflyingbike.be\/wp-content\/uploads\/2024\/01\/OIG-9-300x300.jpg 300w, https:\/\/theflyingbike.be\/wp-content\/uploads\/2024\/01\/OIG-9-150x150.jpg 150w, https:\/\/theflyingbike.be\/wp-content\/uploads\/2024\/01\/OIG-9-768x768.jpg 768w\" sizes=\"auto, (max-width: 1024px) 100vw, 1024px\" \/><\/figure><\/div>\n\n\n\n<p style=\"font-size:20px\">Une for\u00eat comestible, appel\u00e9 aussi for\u00eat-jardin ou jardin-verger ou encore for\u00eat fruiti\u00e8re, for\u00eat nourrici\u00e8re est un jardin cr\u00e9\u00e9 selon le <strong>mod\u00e8le de la for\u00eat naturelle<\/strong> et qui a la particularit\u00e9 d&#8217;\u00eatre <strong>compos\u00e9 d&#8217;esp\u00e8ces utiles et nourici\u00e8res<\/strong>. La for\u00eat comestible est un syst\u00e8me de culture bas\u00e9 essentiellement sur des arbres, arbustes et plantes p\u00e9rennes: ce peut \u00eatre un espace d&#8217;agr\u00e9ment, p\u00e9dagogique ou un espace con\u00e7u pour fournir une production alimentaire vari\u00e9e et des produits connexes tels qu&#8217;\u00e9pices, plantes m\u00e9dicinales, champignons, mat\u00e9riaux de construction, fibres, mat\u00e9riaux de vannerie, miel, du bois de chauffage, fourrage pour animaux, paillis, gibier, produits de la s\u00e8ve, teinture et huile, etc. La for\u00eat comestible a la particularit\u00e9 d&#8217;\u00eatre tr\u00e8s dense, diversifi\u00e9e et pr\u00e9sente donc une forte r\u00e9silience aux divers al\u00e9as de l&#8217;\u00e9cosyst\u00e8me et du climat. Ce syst\u00e8me de culture n\u00e9cessite peu de travail une fois que le syst\u00e8me a atteint une certaine maturit\u00e9. Le jardin-for\u00eat<strong> pr\u00e9sente g\u00e9n\u00e9ralement 5 \u00e0 7 \u00e9tages de v\u00e9g\u00e9tation<\/strong> ou strates, sans pour autant avoir de d\u00e9finition universelle de celles-ci, tels des arbres de canop\u00e9e (plus de 10m), des arbustes ou arbrisseaux (petits arbres), des buissons (taille r\u00e9duite) et des plantes herbac\u00e9es. Les productions sont des fruits, des noix, des \u00e9pices, des l\u00e9gumes vivaces, des plantes aromatiques, m\u00e9dicinales et autres plantes utiles.<\/p>\n<\/div><\/div>\n\n<\/div><\/div><\/div><\/div>\n\n\n<style>.kb-row-layout-id591_c4f25b-0e > .kt-row-column-wrap{align-content:start;}:where(.kb-row-layout-id591_c4f25b-0e > .kt-row-column-wrap) > .wp-block-kadence-column{justify-content:start;}.kb-row-layout-id591_c4f25b-0e > .kt-row-column-wrap{column-gap:var(--global-kb-gap-md, 2rem);row-gap:var(--global-kb-gap-md, 2rem);padding-top:var(--global-kb-spacing-sm, 1.5rem);padding-bottom:var(--global-kb-spacing-sm, 1.5rem);}.kb-row-layout-id591_c4f25b-0e > .kt-row-column-wrap > div:not(.added-for-specificity){grid-column:initial;}.kb-row-layout-id591_c4f25b-0e > .kt-row-column-wrap{grid-template-columns:repeat(4, minmax(0, 1fr));}.kb-row-layout-id591_c4f25b-0e > .kt-row-layout-overlay{opacity:0.30;}@media all and (max-width: 1024px){.kb-row-layout-id591_c4f25b-0e > .kt-row-column-wrap > div:not(.added-for-specificity){grid-column:initial;}}@media all and (max-width: 1024px){.kb-row-layout-id591_c4f25b-0e > .kt-row-column-wrap{grid-template-columns:repeat(4, minmax(0, 1fr));}}@media all and (max-width: 767px){.kb-row-layout-id591_c4f25b-0e > .kt-row-column-wrap > div:not(.added-for-specificity){grid-column:initial;}.kb-row-layout-id591_c4f25b-0e > .kt-row-column-wrap{grid-template-columns:minmax(0, 1fr);}}<\/style><div class=\"kb-row-layout-wrap kb-row-layout-id591_c4f25b-0e alignnone has-theme-palette1-background-color kt-row-has-bg wp-block-kadence-rowlayout\"><div class=\"kt-row-column-wrap kt-has-4-columns kt-row-layout-equal kt-tab-layout-inherit kt-mobile-layout-row kt-row-valign-top\">\n<style>.kadence-column591_5ec7c8-7b > .kt-inside-inner-col,.kadence-column591_5ec7c8-7b > .kt-inside-inner-col:before{border-top-left-radius:0px;border-top-right-radius:0px;border-bottom-right-radius:0px;border-bottom-left-radius:0px;}.kadence-column591_5ec7c8-7b > .kt-inside-inner-col{column-gap:var(--global-kb-gap-sm, 1rem);}.kadence-column591_5ec7c8-7b > .kt-inside-inner-col{flex-direction:column;}.kadence-column591_5ec7c8-7b > .kt-inside-inner-col > .aligncenter{width:100%;}.kadence-column591_5ec7c8-7b > .kt-inside-inner-col:before{opacity:0.3;}.kadence-column591_5ec7c8-7b{position:relative;}@media all and (max-width: 1024px){.kadence-column591_5ec7c8-7b > .kt-inside-inner-col{flex-direction:column;justify-content:center;}}@media all and (max-width: 767px){.kadence-column591_5ec7c8-7b > .kt-inside-inner-col{flex-direction:column;justify-content:center;}}<\/style>\n<div class=\"wp-block-kadence-column kadence-column591_5ec7c8-7b\"><div class=\"kt-inside-inner-col\"><style>.kb-image591_4260a0-f1 .kb-image-has-overlay:after{opacity:0.3;}<\/style>\n<figure class=\"wp-block-kadence-image kb-image591_4260a0-f1 size-full\"><img loading=\"lazy\" decoding=\"async\" width=\"423\" height=\"423\" src=\"http:\/\/theflyingbike.be\/wp-content\/uploads\/2024\/01\/8b1c6bf0ca9629efa51b226ef09b3d96.jpg\" alt=\"\" class=\"kb-img wp-image-624\" srcset=\"https:\/\/theflyingbike.be\/wp-content\/uploads\/2024\/01\/8b1c6bf0ca9629efa51b226ef09b3d96.jpg 423w, https:\/\/theflyingbike.be\/wp-content\/uploads\/2024\/01\/8b1c6bf0ca9629efa51b226ef09b3d96-300x300.jpg 300w, https:\/\/theflyingbike.be\/wp-content\/uploads\/2024\/01\/8b1c6bf0ca9629efa51b226ef09b3d96-150x150.jpg 150w\" sizes=\"auto, (max-width: 423px) 100vw, 423px\" \/><\/figure>\n<\/div><\/div>\n\n\n<style>.kadence-column591_df7a23-25 > .kt-inside-inner-col,.kadence-column591_df7a23-25 > .kt-inside-inner-col:before{border-top-left-radius:0px;border-top-right-radius:0px;border-bottom-right-radius:0px;border-bottom-left-radius:0px;}.kadence-column591_df7a23-25 > .kt-inside-inner-col{column-gap:var(--global-kb-gap-sm, 1rem);}.kadence-column591_df7a23-25 > .kt-inside-inner-col{flex-direction:column;}.kadence-column591_df7a23-25 > .kt-inside-inner-col > .aligncenter{width:100%;}.kadence-column591_df7a23-25 > .kt-inside-inner-col:before{opacity:0.3;}.kadence-column591_df7a23-25{position:relative;}@media all and (max-width: 1024px){.kadence-column591_df7a23-25 > .kt-inside-inner-col{flex-direction:column;justify-content:center;}}@media all and (max-width: 767px){.kadence-column591_df7a23-25 > .kt-inside-inner-col{flex-direction:column;justify-content:center;}}<\/style>\n<div class=\"wp-block-kadence-column kadence-column591_df7a23-25\"><div class=\"kt-inside-inner-col\"><style>.kb-image591_d9bff1-a1 .kb-image-has-overlay:after{opacity:0.3;}<\/style>\n<figure class=\"wp-block-kadence-image kb-image591_d9bff1-a1 size-full\"><img loading=\"lazy\" decoding=\"async\" width=\"524\" height=\"524\" src=\"http:\/\/theflyingbike.be\/wp-content\/uploads\/2024\/01\/34bf4acebc974edad0fdd4ea9caa11be.jpg\" alt=\"\" class=\"kb-img wp-image-625\" srcset=\"https:\/\/theflyingbike.be\/wp-content\/uploads\/2024\/01\/34bf4acebc974edad0fdd4ea9caa11be.jpg 524w, https:\/\/theflyingbike.be\/wp-content\/uploads\/2024\/01\/34bf4acebc974edad0fdd4ea9caa11be-300x300.jpg 300w, https:\/\/theflyingbike.be\/wp-content\/uploads\/2024\/01\/34bf4acebc974edad0fdd4ea9caa11be-150x150.jpg 150w\" sizes=\"auto, (max-width: 524px) 100vw, 524px\" \/><\/figure>\n<\/div><\/div>\n\n\n<style>.kadence-column591_8dd18d-7a > .kt-inside-inner-col,.kadence-column591_8dd18d-7a > .kt-inside-inner-col:before{border-top-left-radius:0px;border-top-right-radius:0px;border-bottom-right-radius:0px;border-bottom-left-radius:0px;}.kadence-column591_8dd18d-7a > .kt-inside-inner-col{column-gap:var(--global-kb-gap-sm, 1rem);}.kadence-column591_8dd18d-7a > .kt-inside-inner-col{flex-direction:column;}.kadence-column591_8dd18d-7a > .kt-inside-inner-col > .aligncenter{width:100%;}.kadence-column591_8dd18d-7a > .kt-inside-inner-col:before{opacity:0.3;}.kadence-column591_8dd18d-7a{position:relative;}@media all and (max-width: 1024px){.kadence-column591_8dd18d-7a > .kt-inside-inner-col{flex-direction:column;justify-content:center;}}@media all and (max-width: 767px){.kadence-column591_8dd18d-7a > .kt-inside-inner-col{flex-direction:column;justify-content:center;}}<\/style>\n<div class=\"wp-block-kadence-column kadence-column591_8dd18d-7a\"><div class=\"kt-inside-inner-col\"><style>.kb-image591_9de8aa-52 .kb-image-has-overlay:after{opacity:0.3;}<\/style>\n<figure class=\"wp-block-kadence-image kb-image591_9de8aa-52 size-full\"><img loading=\"lazy\" decoding=\"async\" width=\"563\" height=\"563\" src=\"http:\/\/theflyingbike.be\/wp-content\/uploads\/2024\/01\/47248793ce6b9558e129e358e1c56bb8.jpg\" alt=\"\" class=\"kb-img wp-image-626\" srcset=\"https:\/\/theflyingbike.be\/wp-content\/uploads\/2024\/01\/47248793ce6b9558e129e358e1c56bb8.jpg 563w, https:\/\/theflyingbike.be\/wp-content\/uploads\/2024\/01\/47248793ce6b9558e129e358e1c56bb8-300x300.jpg 300w, https:\/\/theflyingbike.be\/wp-content\/uploads\/2024\/01\/47248793ce6b9558e129e358e1c56bb8-150x150.jpg 150w\" sizes=\"auto, (max-width: 563px) 100vw, 563px\" \/><\/figure>\n<\/div><\/div>\n\n\n<style>.kadence-column591_b25e90-04 > .kt-inside-inner-col,.kadence-column591_b25e90-04 > .kt-inside-inner-col:before{border-top-left-radius:0px;border-top-right-radius:0px;border-bottom-right-radius:0px;border-bottom-left-radius:0px;}.kadence-column591_b25e90-04 > .kt-inside-inner-col{column-gap:var(--global-kb-gap-sm, 1rem);}.kadence-column591_b25e90-04 > .kt-inside-inner-col{flex-direction:column;}.kadence-column591_b25e90-04 > .kt-inside-inner-col > .aligncenter{width:100%;}.kadence-column591_b25e90-04 > .kt-inside-inner-col:before{opacity:0.3;}.kadence-column591_b25e90-04{position:relative;}@media all and (max-width: 1024px){.kadence-column591_b25e90-04 > .kt-inside-inner-col{flex-direction:column;justify-content:center;}}@media all and (max-width: 767px){.kadence-column591_b25e90-04 > .kt-inside-inner-col{flex-direction:column;justify-content:center;}}<\/style>\n<div class=\"wp-block-kadence-column kadence-column591_b25e90-04\"><div class=\"kt-inside-inner-col\"><style>.kb-image591_08ee1e-3f .kb-image-has-overlay:after{opacity:0.3;}<\/style>\n<figure class=\"wp-block-kadence-image kb-image591_08ee1e-3f size-full\"><img loading=\"lazy\" decoding=\"async\" width=\"564\" height=\"564\" src=\"http:\/\/theflyingbike.be\/wp-content\/uploads\/2024\/01\/085314220d92407cee84811aba2fb2af.jpg\" alt=\"\" class=\"kb-img wp-image-628\" srcset=\"https:\/\/theflyingbike.be\/wp-content\/uploads\/2024\/01\/085314220d92407cee84811aba2fb2af.jpg 564w, https:\/\/theflyingbike.be\/wp-content\/uploads\/2024\/01\/085314220d92407cee84811aba2fb2af-300x300.jpg 300w, https:\/\/theflyingbike.be\/wp-content\/uploads\/2024\/01\/085314220d92407cee84811aba2fb2af-150x150.jpg 150w\" sizes=\"auto, (max-width: 564px) 100vw, 564px\" \/><\/figure>\n<\/div><\/div>\n\n<\/div><\/div>","protected":false},"excerpt":{"rendered":"<p>Une for\u00eat comestible c&#8217;est quoi ? Une for\u00eat comestible, appel\u00e9 aussi for\u00eat-jardin ou jardin-verger ou encore for\u00eat fruiti\u00e8re, for\u00eat nourrici\u00e8re est un jardin cr\u00e9\u00e9 selon le mod\u00e8le de la for\u00eat naturelle et qui a la particularit\u00e9 d&#8217;\u00eatre compos\u00e9 d&#8217;esp\u00e8ces utiles et nourici\u00e8res. La for\u00eat comestible est un syst\u00e8me de culture bas\u00e9 essentiellement sur des arbres,&#8230;<\/p>\n","protected":false},"author":1,"featured_media":0,"parent":0,"menu_order":0,"comment_status":"closed","ping_status":"closed","template":"","meta":{"_kadence_starter_templates_imported_post":false,"_kad_post_transparent":"","_kad_post_title":"","_kad_post_layout":"normal","_kad_post_sidebar_id":"","_kad_post_content_style":"","_kad_post_vertical_padding":"","_kad_post_feature":"","_kad_post_feature_position":"","_kad_post_header":false,"_kad_post_footer":false,"_kad_post_classname":"","footnotes":""},"class_list":["post-591","page","type-page","status-publish","hentry"],"_links":{"self":[{"href":"https:\/\/theflyingbike.be\/index.php?rest_route=\/wp\/v2\/pages\/591","targetHints":{"allow":["GET"]}}],"collection":[{"href":"https:\/\/theflyingbike.be\/index.php?rest_route=\/wp\/v2\/pages"}],"about":[{"href":"https:\/\/theflyingbike.be\/index.php?rest_route=\/wp\/v2\/types\/page"}],"author":[{"embeddable":true,"href":"https:\/\/theflyingbike.be\/index.php?rest_route=\/wp\/v2\/users\/1"}],"replies":[{"embeddable":true,"href":"https:\/\/theflyingbike.be\/index.php?rest_route=%2Fwp%2Fv2%2Fcomments&post=591"}],"version-history":[{"count":4,"href":"https:\/\/theflyingbike.be\/index.php?rest_route=\/wp\/v2\/pages\/591\/revisions"}],"predecessor-version":[{"id":825,"href":"https:\/\/theflyingbike.be\/index.php?rest_route=\/wp\/v2\/pages\/591\/revisions\/825"}],"wp:attachment":[{"href":"https:\/\/theflyingbike.be\/index.php?rest_route=%2Fwp%2Fv2%2Fmedia&parent=591"}],"curies":[{"name":"wp","href":"https:\/\/api.w.org\/{rel}","templated":true}]}}