{"id":782,"date":"2024-02-13T10:38:45","date_gmt":"2024-02-13T09:38:45","guid":{"rendered":"https:\/\/theflyingbike.be\/?page_id=782"},"modified":"2024-02-13T12:45:14","modified_gmt":"2024-02-13T11:45:14","slug":"a-propos","status":"publish","type":"page","link":"https:\/\/theflyingbike.be\/?page_id=782","title":{"rendered":"\u00c0 propos"},"content":{"rendered":"\n<div class=\"wp-block-group\"><div class=\"wp-block-group__inner-container is-layout-constrained wp-block-group-is-layout-constrained\"><style>.kb-row-layout-wrap.wp-block-kadence-rowlayout.kb-row-layout-id782_79bd2d-4a{margin-top:0px;margin-bottom:0px;}.kb-row-layout-id782_79bd2d-4a > .kt-row-column-wrap{align-content:start;}:where(.kb-row-layout-id782_79bd2d-4a > .kt-row-column-wrap) > .wp-block-kadence-column{justify-content:start;}.kb-row-layout-id782_79bd2d-4a > .kt-row-column-wrap{column-gap:var(--global-kb-gap-md, 2rem);row-gap:var(--global-kb-gap-md, 2rem);max-width:1375px;margin-left:auto;margin-right:auto;padding-top:0px;padding-bottom:0px;grid-template-columns:minmax(0, 1fr);}.kb-row-layout-id782_79bd2d-4a{border-top:0px solid transparent;border-right:0px solid transparent;border-bottom:0px solid transparent;border-left:0px solid transparent;}.kb-row-layout-id782_79bd2d-4a > .kt-row-layout-overlay{opacity:0.30;}.kb-row-layout-id782_79bd2d-4a .kt-row-layout-bottom-sep{height:63px;}.kb-row-layout-id782_79bd2d-4a .kt-row-layout-bottom-sep svg{width:100%;}.kb-row-layout-id782_79bd2d-4a .kt-row-layout-bottom-sep svg{fill:#ffffff!important;}.kb-row-layout-id782_79bd2d-4a .kt-row-layout-top-sep{height:73px;}.kb-row-layout-id782_79bd2d-4a .kt-row-layout-top-sep svg{width:100%;}.kb-row-layout-id782_79bd2d-4a .kt-row-layout-top-sep svg{fill:#ffffff!important;}@media all and (max-width: 1024px){.kb-row-layout-id782_79bd2d-4a > .kt-row-column-wrap{grid-template-columns:minmax(0, 1fr);}}@media all and (max-width: 1024px){.kb-row-layout-id782_79bd2d-4a{border-top:0px solid transparent;border-right:0px solid transparent;border-bottom:0px solid transparent;border-left:0px solid transparent;}}@media all and (max-width: 1024px){.kb-row-layout-id782_79bd2d-4a .kt-row-layout-bottom-sep{height:px;}}@media all and (max-width: 1024px){.kb-row-layout-id782_79bd2d-4a .kt-row-layout-bottom-sep svg{width:%;}}@media all and (max-width: 767px){.kb-row-layout-id782_79bd2d-4a > .kt-row-column-wrap{grid-template-columns:minmax(0, 1fr);}.kb-row-layout-id782_79bd2d-4a{border-top:0px solid transparent;border-right:0px solid transparent;border-bottom:0px solid transparent;border-left:0px solid transparent;}.kb-row-layout-id782_79bd2d-4a .kt-row-layout-bottom-sep{height:px;}.kb-row-layout-id782_79bd2d-4a .kt-row-layout-bottom-sep svg{width:%;}}<\/style><div class=\"kb-row-layout-wrap kb-row-layout-id782_79bd2d-4a alignnone has-theme-palette1-background-color kt-row-has-bg wp-block-kadence-rowlayout\"><div class=\"kt-row-layout-bottom-sep kt-row-sep-type-wave\"><svg viewBox=\"0 0 1000 100\" preserveAspectRatio=\"none\"><path d=\"M1000,40c0,0 -120.077,-38.076 -250,-38c-129.923,0.076 -345.105,78 -500,78c-154.895,0 -250,-30 -250,-30l0,50l1000,0l0,-60Z\" \/><\/svg><\/div><div class=\"kt-row-column-wrap kt-has-1-columns kt-row-layout-equal kt-tab-layout-inherit kt-mobile-layout-row kt-row-valign-top\">\n<style>.kadence-column782_fe803d-71 > .kt-inside-inner-col{display:flex;}.kadence-column782_fe803d-71 > .kt-inside-inner-col{padding-top:0px;padding-bottom:var(--global-kb-spacing-xxl, 5rem);}.kadence-column782_fe803d-71 > .kt-inside-inner-col,.kadence-column782_fe803d-71 > .kt-inside-inner-col:before{border-top-left-radius:0px;border-top-right-radius:0px;border-bottom-right-radius:0px;border-bottom-left-radius:0px;}.kadence-column782_fe803d-71 > .kt-inside-inner-col{row-gap:0px;column-gap:var(--global-kb-gap-sm, 1rem);}.kadence-column782_fe803d-71 > .kt-inside-inner-col{flex-direction:column;}.kadence-column782_fe803d-71 > .kt-inside-inner-col > .aligncenter{width:100%;}.kadence-column782_fe803d-71 > .kt-inside-inner-col:before{opacity:0.3;}.kadence-column782_fe803d-71{position:relative;}@media all and (max-width: 1024px){.kadence-column782_fe803d-71 > .kt-inside-inner-col{flex-direction:column;justify-content:center;}}@media all and (max-width: 767px){.kadence-column782_fe803d-71 > .kt-inside-inner-col{flex-direction:column;justify-content:center;}}<\/style>\n<div class=\"wp-block-kadence-column kadence-column782_fe803d-71 kb-section-dir-vertical\"><div class=\"kt-inside-inner-col\">\n<p class=\"has-text-align-center has-theme-palette-2-color has-text-color has-link-color has-larger-font-size wp-elements-a9ca7905b7c8af89e56947b8bd2d13c6\">\u00c0 propos ?<\/p>\n\n\n<style>.wp-block-kadence-image.kb-image782_0cbb1f-b8:not(.kb-specificity-added):not(.kb-extra-specificity-added){margin-bottom:40px;}.kb-image782_0cbb1f-b8.kb-image-is-ratio-size, .kb-image782_0cbb1f-b8 .kb-image-is-ratio-size{max-width:206px;width:100%;}.wp-block-kadence-column > .kt-inside-inner-col > .kb-image782_0cbb1f-b8.kb-image-is-ratio-size, .wp-block-kadence-column > .kt-inside-inner-col > .kb-image782_0cbb1f-b8 .kb-image-is-ratio-size{align-self:unset;}.kb-image782_0cbb1f-b8 figure{max-width:206px;}.kb-image782_0cbb1f-b8 .image-is-svg, .kb-image782_0cbb1f-b8 .image-is-svg img{width:100%;}.kb-image782_0cbb1f-b8:not(.kb-image-is-ratio-size) .kb-img, .kb-image782_0cbb1f-b8.kb-image-is-ratio-size{padding-top:0px;padding-bottom:0px;}.kb-image782_0cbb1f-b8 .kb-image-has-overlay:after{opacity:0.3;}<\/style>\n<div class=\"wp-block-kadence-image kb-image782_0cbb1f-b8\"><figure class=\"aligncenter size-full\"><img loading=\"lazy\" decoding=\"async\" width=\"1024\" height=\"1024\" src=\"https:\/\/theflyingbike.be\/wp-content\/uploads\/2024\/02\/649daf35-553b-43c9-8d4d-0345dfafbf91.jpg\" alt=\"\" class=\"kb-img wp-image-818\" srcset=\"https:\/\/theflyingbike.be\/wp-content\/uploads\/2024\/02\/649daf35-553b-43c9-8d4d-0345dfafbf91.jpg 1024w, https:\/\/theflyingbike.be\/wp-content\/uploads\/2024\/02\/649daf35-553b-43c9-8d4d-0345dfafbf91-300x300.jpg 300w, https:\/\/theflyingbike.be\/wp-content\/uploads\/2024\/02\/649daf35-553b-43c9-8d4d-0345dfafbf91-150x150.jpg 150w, https:\/\/theflyingbike.be\/wp-content\/uploads\/2024\/02\/649daf35-553b-43c9-8d4d-0345dfafbf91-768x768.jpg 768w\" sizes=\"auto, (max-width: 1024px) 100vw, 1024px\" \/><\/figure><\/div>\n\n\n\n<p class=\"has-text-align-center\"><strong>Bienvenue sur le site de <mark style=\"background-color:rgba(0, 0, 0, 0)\" class=\"has-inline-color has-theme-palette-2-color\">Theflyingbike<\/mark>, artisan \u00e9lectricien passionn\u00e9 par son m\u00e9tier et engag\u00e9 pour l&#8217;environnement. Mon parcours professionnel est le r\u00e9sultat d&#8217;une qu\u00eate de sens et d&#8217;un profond attachement \u00e0 la nature. Avant de travailler dans le domaine de l&#8217;\u00e9lectricit\u00e9 et de r\u00e9unir toutes mes passions dans ce m\u00e9tier, j&#8217;ai \u00e9tudi\u00e9 et travaill\u00e9 dans le domaine de l&#8217;herboristerie, l&#8217;aromath\u00e9rapie, l&#8217;agriculture bio et la permaculture. Ces exp\u00e9riences m&#8217;ont ouvert les yeux sur l&#8217;importance de vivre en harmonie avec notre environnement et m&#8217;ont inspir\u00e9 \u00e0 int\u00e9grer des pratiques durables dans ma vie professionnelle. Mon objectif est de vous offrir des services de qualit\u00e9 tout en contribuant \u00e0 la pr\u00e9servation de notre plan\u00e8te. N&#8217;h\u00e9sitez pas \u00e0 explorer mon site pour en savoir plus sur mes services et \u00e0 me contacter pour discuter de vos projets. Ensemble, cr\u00e9ons un avenir plus durable et harmonieux !<\/strong><\/p>\n\n\n<style>.wp-block-kadence-advancedbtn.kb-btns782_fa7f3a-0d{gap:var(--global-kb-gap-xs, 0.5rem );justify-content:center;align-items:center;}.kt-btns782_fa7f3a-0d .kt-button{font-weight:normal;font-style:normal;}.kt-btns782_fa7f3a-0d .kt-btn-wrap-0{margin-right:5px;}.wp-block-kadence-advancedbtn.kt-btns782_fa7f3a-0d .kt-btn-wrap-0 .kt-button{color:#555555;border-color:#555555;}.wp-block-kadence-advancedbtn.kt-btns782_fa7f3a-0d .kt-btn-wrap-0 .kt-button:hover, .wp-block-kadence-advancedbtn.kt-btns782_fa7f3a-0d .kt-btn-wrap-0 .kt-button:focus{color:#ffffff;border-color:#444444;}.wp-block-kadence-advancedbtn.kt-btns782_fa7f3a-0d .kt-btn-wrap-0 .kt-button::before{display:none;}.wp-block-kadence-advancedbtn.kt-btns782_fa7f3a-0d .kt-btn-wrap-0 .kt-button:hover, .wp-block-kadence-advancedbtn.kt-btns782_fa7f3a-0d .kt-btn-wrap-0 .kt-button:focus{background:#444444;}<\/style>\n<div class=\"wp-block-kadence-advancedbtn kb-buttons-wrap kb-btns782_fa7f3a-0d\"><style>ul.menu .wp-block-kadence-advancedbtn .kb-btn782_5b0b19-b3.kb-button{width:initial;}<\/style><a class=\"kb-button kt-button button kb-btn782_5b0b19-b3 kt-btn-size-standard kt-btn-width-type-auto kb-btn-global-fill  kt-btn-has-text-true kt-btn-has-svg-false  wp-block-kadence-singlebtn\" href=\"https:\/\/theflyingbike.be\/?page_id=557\"><span class=\"kt-btn-inner-text\">Offre<\/span><\/a><\/div>\n\n\n<style>.wp-block-kadence-advancedbtn.kb-btns782_8c2294-18{gap:var(--global-kb-gap-xs, 0.5rem );justify-content:center;align-items:center;}.kt-btns782_8c2294-18 .kt-button{font-weight:normal;font-style:normal;}.kt-btns782_8c2294-18 .kt-btn-wrap-0{margin-right:5px;}.wp-block-kadence-advancedbtn.kt-btns782_8c2294-18 .kt-btn-wrap-0 .kt-button{color:#555555;border-color:#555555;}.wp-block-kadence-advancedbtn.kt-btns782_8c2294-18 .kt-btn-wrap-0 .kt-button:hover, .wp-block-kadence-advancedbtn.kt-btns782_8c2294-18 .kt-btn-wrap-0 .kt-button:focus{color:#ffffff;border-color:#444444;}.wp-block-kadence-advancedbtn.kt-btns782_8c2294-18 .kt-btn-wrap-0 .kt-button::before{display:none;}.wp-block-kadence-advancedbtn.kt-btns782_8c2294-18 .kt-btn-wrap-0 .kt-button:hover, .wp-block-kadence-advancedbtn.kt-btns782_8c2294-18 .kt-btn-wrap-0 .kt-button:focus{background:#444444;}<\/style>\n<div class=\"wp-block-kadence-advancedbtn kb-buttons-wrap kb-btns782_8c2294-18\"><style>ul.menu .wp-block-kadence-advancedbtn .kb-btn782_0c6f77-9c.kb-button{width:initial;}<\/style><a class=\"kb-button kt-button button kb-btn782_0c6f77-9c kt-btn-size-standard kt-btn-width-type-auto kb-btn-global-fill  kt-btn-has-text-true kt-btn-has-svg-false  wp-block-kadence-singlebtn\" href=\"https:\/\/theflyingbike.be\/?page_id=500\"><span class=\"kt-btn-inner-text\">Projet Theflyingwood<\/span><\/a>\n\n<style>ul.menu .wp-block-kadence-advancedbtn .kb-btn782_74b3aa-f5.kb-button{width:initial;}<\/style><a class=\"kb-button kt-button button kb-btn782_74b3aa-f5 kt-btn-size-standard kt-btn-width-type-auto kb-btn-global-fill  kt-btn-has-text-true kt-btn-has-svg-false  wp-block-kadence-singlebtn\" href=\"https:\/\/theflyingbike.be\/?page_id=787\"><span class=\"kt-btn-inner-text\">Parcour professionnel<\/span><\/a><\/div>\n<\/div><\/div>\n\n<\/div><\/div><\/div><\/div>\n","protected":false},"excerpt":{"rendered":"<p>\u00c0 propos ? Bienvenue sur le site de Theflyingbike, artisan \u00e9lectricien passionn\u00e9 par son m\u00e9tier et engag\u00e9 pour l&#8217;environnement. Mon parcours professionnel est le r\u00e9sultat d&#8217;une qu\u00eate de sens et d&#8217;un profond attachement \u00e0 la nature. Avant de travailler dans le domaine de l&#8217;\u00e9lectricit\u00e9 et de r\u00e9unir toutes mes passions dans ce m\u00e9tier, j&#8217;ai \u00e9tudi\u00e9&#8230;<\/p>\n","protected":false},"author":1,"featured_media":0,"parent":0,"menu_order":0,"comment_status":"closed","ping_status":"closed","template":"","meta":{"_kadence_starter_templates_imported_post":false,"_kad_post_transparent":"","_kad_post_title":"","_kad_post_layout":"normal","_kad_post_sidebar_id":"","_kad_post_content_style":"","_kad_post_vertical_padding":"","_kad_post_feature":"","_kad_post_feature_position":"","_kad_post_header":false,"_kad_post_footer":false,"_kad_post_classname":"","footnotes":""},"class_list":["post-782","page","type-page","status-publish","hentry"],"_links":{"self":[{"href":"https:\/\/theflyingbike.be\/index.php?rest_route=\/wp\/v2\/pages\/782","targetHints":{"allow":["GET"]}}],"collection":[{"href":"https:\/\/theflyingbike.be\/index.php?rest_route=\/wp\/v2\/pages"}],"about":[{"href":"https:\/\/theflyingbike.be\/index.php?rest_route=\/wp\/v2\/types\/page"}],"author":[{"embeddable":true,"href":"https:\/\/theflyingbike.be\/index.php?rest_route=\/wp\/v2\/users\/1"}],"replies":[{"embeddable":true,"href":"https:\/\/theflyingbike.be\/index.php?rest_route=%2Fwp%2Fv2%2Fcomments&post=782"}],"version-history":[{"count":7,"href":"https:\/\/theflyingbike.be\/index.php?rest_route=\/wp\/v2\/pages\/782\/revisions"}],"predecessor-version":[{"id":819,"href":"https:\/\/theflyingbike.be\/index.php?rest_route=\/wp\/v2\/pages\/782\/revisions\/819"}],"wp:attachment":[{"href":"https:\/\/theflyingbike.be\/index.php?rest_route=%2Fwp%2Fv2%2Fmedia&parent=782"}],"curies":[{"name":"wp","href":"https:\/\/api.w.org\/{rel}","templated":true}]}}